{"id":10,"date":"2013-06-19T02:56:37","date_gmt":"2013-06-19T02:56:37","guid":{"rendered":"http:\/\/www.semanbaker.com.mx\/site\/?page_id=10"},"modified":"2015-11-24T22:30:59","modified_gmt":"2015-11-24T22:30:59","slug":"estructuras-soportadas","status":"publish","type":"page","link":"http:\/\/www.semanbaker.com.mx\/site\/productos\/estructuras-soportadas\/","title":{"rendered":"Estructuras Soportadas"},"content":{"rendered":"<p>Son membranas arquitect\u00f3nicas soportadas sobre materiales r\u00edgidos y su principal caracter\u00edstica es que pueden tener anchos de 20, 30, 40, 50, 60 metros y m\u00e1s, no tienen l\u00edmite en las longitudes.<br \/>\nPueden ser utilizados temporalmente o por tiempo indefinido, con costos m\u00ednimos de mantenimiento.<\/p>\n<p>&nbsp;<\/p>\n\r\n\t<div class=\"slideshow_container slideshow_container_style-light\" style=\" \" data-slideshow-id=\"439\" data-style-name=\"style-light\" data-style-version=\"2.3.1\" >\r\n\r\n\t\t\t\t\t<div class=\"slideshow_loading_icon\"><\/div>\r\n\t\t\r\n\t\t<div class=\"slideshow_content\" style=\"display: none;\">\r\n\r\n\t\t\t<div class=\"slideshow_view\">\r\n\t\t\t\t<div class=\"slideshow_slide slideshow_slide_image\">\r\n\t\t\t\t\t\t\t\t\t\t\t<img src=\"http:\/\/www.semanbaker.com.mx\/site\/wp-content\/uploads\/2015\/11\/SB_SOPORTADAACAPULCO_1_MA.jpg\" alt=\"SB_SOPORTADAACAPULCO_1_MA\" width=\"1500\" height=\"1038\" \/>\r\n\t\t\t\t\t\t\t\t\t\t<div class=\"slideshow_description_box slideshow_transparent\">\r\n\t\t\t\t\t\t<div class=\"slideshow_title\">SB_SOPORTADAACAPULCO_1_MA<\/div>\t\t\t\t\t\t\t\t\t\t\t<\/div>\r\n\t\t\t\t<\/div>\r\n\r\n\t\t\t\t\t\t<div style=\"clear: both;\"><\/div><\/div><div class=\"slideshow_view\">\r\n\t\t\t\t<div class=\"slideshow_slide slideshow_slide_image\">\r\n\t\t\t\t\t\t\t\t\t\t\t<img src=\"http:\/\/www.semanbaker.com.mx\/site\/wp-content\/uploads\/2015\/11\/SB_ORUGA_5_MA.jpg\" alt=\"SB_ORUGA_5_MA\" width=\"1500\" height=\"1038\" \/>\r\n\t\t\t\t\t\t\t\t\t\t<div class=\"slideshow_description_box slideshow_transparent\">\r\n\t\t\t\t\t\t<div class=\"slideshow_title\">SB_ORUGA_5_MA<\/div>\t\t\t\t\t\t\t\t\t\t\t<\/div>\r\n\t\t\t\t<\/div>\r\n\r\n\t\t\t\t\t\t<div style=\"clear: both;\"><\/div><\/div><div class=\"slideshow_view\">\r\n\t\t\t\t<div class=\"slideshow_slide slideshow_slide_image\">\r\n\t\t\t\t\t\t\t\t\t\t\t<img src=\"http:\/\/www.semanbaker.com.mx\/site\/wp-content\/uploads\/2015\/11\/SB_ORUGA_2_MA.jpg\" alt=\"SB_ORUGA_2_MA\" width=\"1500\" height=\"1038\" \/>\r\n\t\t\t\t\t\t\t\t\t\t<div class=\"slideshow_description_box slideshow_transparent\">\r\n\t\t\t\t\t\t<div class=\"slideshow_title\">SB_ORUGA_2_MA<\/div>\t\t\t\t\t\t\t\t\t\t\t<\/div>\r\n\t\t\t\t<\/div>\r\n\r\n\t\t\t\t\t\t<div style=\"clear: both;\"><\/div><\/div><div class=\"slideshow_view\">\r\n\t\t\t\t<div class=\"slideshow_slide slideshow_slide_image\">\r\n\t\t\t\t\t\t\t\t\t\t\t<img src=\"http:\/\/www.semanbaker.com.mx\/site\/wp-content\/uploads\/2015\/11\/interior-oruga.jpg\" alt=\"interior oruga\" width=\"1500\" height=\"1038\" \/>\r\n\t\t\t\t\t\t\t\t\t\t<div class=\"slideshow_description_box slideshow_transparent\">\r\n\t\t\t\t\t\t<div class=\"slideshow_title\">interior oruga<\/div>\t\t\t\t\t\t\t\t\t\t\t<\/div>\r\n\t\t\t\t<\/div>\r\n\r\n\t\t\t\t\t\t<div style=\"clear: both;\"><\/div><\/div><div class=\"slideshow_view\">\r\n\t\t\t\t<div class=\"slideshow_slide slideshow_slide_image\">\r\n\t\t\t\t\t\t\t\t\t\t\t<img src=\"http:\/\/www.semanbaker.com.mx\/site\/wp-content\/uploads\/2015\/11\/SAN-JUAN-2008-flor_MA.jpg\" alt=\"SAN-JUAN-2008-flor_MA\" width=\"1500\" height=\"1038\" \/>\r\n\t\t\t\t\t\t\t\t\t\t<div class=\"slideshow_description_box slideshow_transparent\">\r\n\t\t\t\t\t\t<div class=\"slideshow_title\">SAN-JUAN-2008-flor_MA<\/div>\t\t\t\t\t\t\t\t\t\t\t<\/div>\r\n\t\t\t\t<\/div>\r\n\r\n\t\t\t\t\t\t<div style=\"clear: both;\"><\/div><\/div><div class=\"slideshow_view\">\r\n\t\t\t\t<div class=\"slideshow_slide slideshow_slide_image\">\r\n\t\t\t\t\t\t\t\t\t\t\t<img src=\"http:\/\/www.semanbaker.com.mx\/site\/wp-content\/uploads\/2015\/11\/ORUGA-2009-3.jpg\" alt=\"ORUGA-2009-3\" width=\"1500\" height=\"1038\" \/>\r\n\t\t\t\t\t\t\t\t\t\t<div class=\"slideshow_description_box slideshow_transparent\">\r\n\t\t\t\t\t\t<div class=\"slideshow_title\">ORUGA-2009-3<\/div>\t\t\t\t\t\t\t\t\t\t\t<\/div>\r\n\t\t\t\t<\/div>\r\n\r\n\t\t\t\t\t\t<div style=\"clear: both;\"><\/div><\/div><div class=\"slideshow_view\">\r\n\t\t\t\t<div class=\"slideshow_slide slideshow_slide_image\">\r\n\t\t\t\t\t\t\t\t\t\t\t<img src=\"http:\/\/www.semanbaker.com.mx\/site\/wp-content\/uploads\/2015\/11\/oruga_MA.jpg\" alt=\"oruga_MA\" width=\"1500\" height=\"1038\" \/>\r\n\t\t\t\t\t\t\t\t\t\t<div class=\"slideshow_description_box slideshow_transparent\">\r\n\t\t\t\t\t\t<div class=\"slideshow_title\">oruga_MA<\/div>\t\t\t\t\t\t\t\t\t\t\t<\/div>\r\n\t\t\t\t<\/div>\r\n\r\n\t\t\t\t\t\t<div style=\"clear: both;\"><\/div><\/div><div class=\"slideshow_view\">\r\n\t\t\t\t<div class=\"slideshow_slide slideshow_slide_image\">\r\n\t\t\t\t\t\t\t\t\t\t\t<img src=\"http:\/\/www.semanbaker.com.mx\/site\/wp-content\/uploads\/2015\/11\/Mantarraya.jpg\" alt=\"Mantarraya\" width=\"1500\" height=\"1038\" \/>\r\n\t\t\t\t\t\t\t\t\t\t<div class=\"slideshow_description_box slideshow_transparent\">\r\n\t\t\t\t\t\t<div class=\"slideshow_title\">Mantarraya<\/div>\t\t\t\t\t\t\t\t\t\t\t<\/div>\r\n\t\t\t\t<\/div>\r\n\r\n\t\t\t\t\t\t<div style=\"clear: both;\"><\/div><\/div><div class=\"slideshow_view\">\r\n\t\t\t\t<div class=\"slideshow_slide slideshow_slide_image\">\r\n\t\t\t\t\t\t\t\t\t\t\t<img src=\"http:\/\/www.semanbaker.com.mx\/site\/wp-content\/uploads\/2015\/11\/Mantarraya-2.jpg\" alt=\"Mantarraya (2)\" width=\"1500\" height=\"1038\" \/>\r\n\t\t\t\t\t\t\t\t\t\t<div class=\"slideshow_description_box slideshow_transparent\">\r\n\t\t\t\t\t\t<div class=\"slideshow_title\">Mantarraya (2)<\/div>\t\t\t\t\t\t\t\t\t\t\t<\/div>\r\n\t\t\t\t<\/div>\r\n\r\n\t\t\t\t\t\t<div style=\"clear: both;\"><\/div><\/div><div class=\"slideshow_view\">\r\n\t\t\t\t<div class=\"slideshow_slide slideshow_slide_image\">\r\n\t\t\t\t\t\t\t\t\t\t\t<img src=\"http:\/\/www.semanbaker.com.mx\/site\/wp-content\/uploads\/2015\/11\/LA-SALLE-ACAPULCO_MA.jpg\" alt=\"LA SALLE ACAPULCO_MA\" width=\"1500\" height=\"1038\" \/>\r\n\t\t\t\t\t\t\t\t\t\t<div class=\"slideshow_description_box slideshow_transparent\">\r\n\t\t\t\t\t\t<div class=\"slideshow_title\">LA SALLE ACAPULCO_MA<\/div>\t\t\t\t\t\t\t\t\t\t\t<\/div>\r\n\t\t\t\t<\/div>\r\n\r\n\t\t\t\t\t\t<div style=\"clear: both;\"><\/div><\/div><div class=\"slideshow_view\">\r\n\t\t\t\t<div class=\"slideshow_slide slideshow_slide_image\">\r\n\t\t\t\t\t\t\t\t\t\t\t<img src=\"http:\/\/www.semanbaker.com.mx\/site\/wp-content\/uploads\/2015\/11\/Jesse-y-Joy-2_MA.jpg\" alt=\"Jesse-y-Joy-(2)_MA\" width=\"1500\" height=\"1038\" \/>\r\n\t\t\t\t\t\t\t\t\t\t<div class=\"slideshow_description_box slideshow_transparent\">\r\n\t\t\t\t\t\t<div class=\"slideshow_title\">Jesse-y-Joy-(2)_MA<\/div>\t\t\t\t\t\t\t\t\t\t\t<\/div>\r\n\t\t\t\t<\/div>\r\n\r\n\t\t\t\t\t\t<div style=\"clear: both;\"><\/div><\/div><div class=\"slideshow_view\">\r\n\t\t\t\t<div class=\"slideshow_slide slideshow_slide_image\">\r\n\t\t\t\t\t\t\t\t\t\t\t<img src=\"http:\/\/www.semanbaker.com.mx\/site\/wp-content\/uploads\/2015\/11\/Jesse-y-Joy_MA.jpg\" alt=\"Jesse-y-Joy_MA\" width=\"1500\" height=\"1038\" \/>\r\n\t\t\t\t\t\t\t\t\t\t<div class=\"slideshow_description_box slideshow_transparent\">\r\n\t\t\t\t\t\t<div class=\"slideshow_title\">Jesse-y-Joy_MA<\/div>\t\t\t\t\t\t\t\t\t\t\t<\/div>\r\n\t\t\t\t<\/div>\r\n\r\n\t\t\t\t\t\t<div style=\"clear: both;\"><\/div><\/div><div class=\"slideshow_view\">\r\n\t\t\t\t<div class=\"slideshow_slide slideshow_slide_image\">\r\n\t\t\t\t\t\t\t\t\t\t\t<img src=\"http:\/\/www.semanbaker.com.mx\/site\/wp-content\/uploads\/2015\/11\/INTERIOR-GAUDIANA_MA.jpg\" alt=\"INTERIOR GAUDIANA_MA\" width=\"1500\" height=\"1038\" \/>\r\n\t\t\t\t\t\t\t\t\t\t<div class=\"slideshow_description_box slideshow_transparent\">\r\n\t\t\t\t\t\t<div class=\"slideshow_title\">INTERIOR GAUDIANA_MA<\/div>\t\t\t\t\t\t\t\t\t\t\t<\/div>\r\n\t\t\t\t<\/div>\r\n\r\n\t\t\t\t\t\t<div style=\"clear: both;\"><\/div><\/div><div class=\"slideshow_view\">\r\n\t\t\t\t<div class=\"slideshow_slide slideshow_slide_image\">\r\n\t\t\t\t\t\t\t\t\t\t\t<img src=\"http:\/\/www.semanbaker.com.mx\/site\/wp-content\/uploads\/2015\/11\/Interior-Bat\u2020n.jpg\" alt=\"Interior Bat\u2020n\" width=\"1500\" height=\"1038\" \/>\r\n\t\t\t\t\t\t\t\t\t\t<div class=\"slideshow_description_box slideshow_transparent\">\r\n\t\t\t\t\t\t<div class=\"slideshow_title\">Interior Bat\u2020n<\/div>\t\t\t\t\t\t\t\t\t\t\t<\/div>\r\n\t\t\t\t<\/div>\r\n\r\n\t\t\t\t\t\t<div style=\"clear: both;\"><\/div><\/div><div class=\"slideshow_view\">\r\n\t\t\t\t<div class=\"slideshow_slide slideshow_slide_image\">\r\n\t\t\t\t\t\t\t\t\t\t\t<img src=\"http:\/\/www.semanbaker.com.mx\/site\/wp-content\/uploads\/2015\/11\/hospitalities-monterrey_MA.jpg\" alt=\"hospitalities monterrey_MA\" width=\"1200\" height=\"1038\" \/>\r\n\t\t\t\t\t\t\t\t\t\t<div class=\"slideshow_description_box slideshow_transparent\">\r\n\t\t\t\t\t\t<div class=\"slideshow_title\">hospitalities monterrey_MA<\/div>\t\t\t\t\t\t\t\t\t\t\t<\/div>\r\n\t\t\t\t<\/div>\r\n\r\n\t\t\t\t\t\t<div style=\"clear: both;\"><\/div><\/div><div class=\"slideshow_view\">\r\n\t\t\t\t<div class=\"slideshow_slide slideshow_slide_image\">\r\n\t\t\t\t\t\t\t\t\t\t\t<img src=\"http:\/\/www.semanbaker.com.mx\/site\/wp-content\/uploads\/2015\/11\/HOSPITALITIES-2_MA.jpg\" alt=\"HOSPITALITIES 2_MA\" width=\"1500\" height=\"1038\" \/>\r\n\t\t\t\t\t\t\t\t\t\t<div class=\"slideshow_description_box slideshow_transparent\">\r\n\t\t\t\t\t\t<div class=\"slideshow_title\">HOSPITALITIES 2_MA<\/div>\t\t\t\t\t\t\t\t\t\t\t<\/div>\r\n\t\t\t\t<\/div>\r\n\r\n\t\t\t\t\t\t<div style=\"clear: both;\"><\/div><\/div><div class=\"slideshow_view\">\r\n\t\t\t\t<div class=\"slideshow_slide slideshow_slide_image\">\r\n\t\t\t\t\t\t\t\t\t\t\t<img src=\"http:\/\/www.semanbaker.com.mx\/site\/wp-content\/uploads\/2015\/11\/HOSPITALITIES-1_MA.jpg\" alt=\"HOSPITALITIES 1_MA\" width=\"1500\" height=\"1038\" \/>\r\n\t\t\t\t\t\t\t\t\t\t<div class=\"slideshow_description_box slideshow_transparent\">\r\n\t\t\t\t\t\t<div class=\"slideshow_title\">HOSPITALITIES 1_MA<\/div>\t\t\t\t\t\t\t\t\t\t\t<\/div>\r\n\t\t\t\t<\/div>\r\n\r\n\t\t\t\t\t\t<div style=\"clear: both;\"><\/div><\/div><div class=\"slideshow_view\">\r\n\t\t\t\t<div class=\"slideshow_slide slideshow_slide_image\">\r\n\t\t\t\t\t\t\t\t\t\t\t<img src=\"http:\/\/www.semanbaker.com.mx\/site\/wp-content\/uploads\/2015\/11\/GAUDIANA.jpg\" alt=\"GAUDIANA\" width=\"1500\" height=\"1038\" \/>\r\n\t\t\t\t\t\t\t\t\t\t<div class=\"slideshow_description_box slideshow_transparent\">\r\n\t\t\t\t\t\t<div class=\"slideshow_title\">GAUDIANA<\/div>\t\t\t\t\t\t\t\t\t\t\t<\/div>\r\n\t\t\t\t<\/div>\r\n\r\n\t\t\t\t\t\t<div style=\"clear: both;\"><\/div><\/div><div class=\"slideshow_view\">\r\n\t\t\t\t<div class=\"slideshow_slide slideshow_slide_image\">\r\n\t\t\t\t\t\t\t\t\t\t\t<img src=\"http:\/\/www.semanbaker.com.mx\/site\/wp-content\/uploads\/2015\/11\/GAUDIANA_1_MA.jpg\" alt=\"GAUDIANA_1_MA\" width=\"1500\" height=\"1038\" \/>\r\n\t\t\t\t\t\t\t\t\t\t<div class=\"slideshow_description_box slideshow_transparent\">\r\n\t\t\t\t\t\t<div class=\"slideshow_title\">GAUDIANA_1_MA<\/div>\t\t\t\t\t\t\t\t\t\t\t<\/div>\r\n\t\t\t\t<\/div>\r\n\r\n\t\t\t\t\t\t<div style=\"clear: both;\"><\/div><\/div><div class=\"slideshow_view\">\r\n\t\t\t\t<div class=\"slideshow_slide slideshow_slide_image\">\r\n\t\t\t\t\t\t\t\t\t\t\t<img src=\"http:\/\/www.semanbaker.com.mx\/site\/wp-content\/uploads\/2015\/11\/Gaudiana-UNAM_MA.jpg\" alt=\"Gaudiana UNAM_MA\" width=\"1500\" height=\"1038\" \/>\r\n\t\t\t\t\t\t\t\t\t\t<div class=\"slideshow_description_box slideshow_transparent\">\r\n\t\t\t\t\t\t<div class=\"slideshow_title\">Gaudiana UNAM_MA<\/div>\t\t\t\t\t\t\t\t\t\t\t<\/div>\r\n\t\t\t\t<\/div>\r\n\r\n\t\t\t\t\t\t<div style=\"clear: both;\"><\/div><\/div><div class=\"slideshow_view\">\r\n\t\t\t\t<div class=\"slideshow_slide slideshow_slide_image\">\r\n\t\t\t\t\t\t\t\t\t\t\t<img src=\"http:\/\/www.semanbaker.com.mx\/site\/wp-content\/uploads\/2015\/11\/estructura_MA.jpg\" alt=\"estructura_MA\" width=\"1500\" height=\"1038\" \/>\r\n\t\t\t\t\t\t\t\t\t\t<div class=\"slideshow_description_box slideshow_transparent\">\r\n\t\t\t\t\t\t<div class=\"slideshow_title\">estructura_MA<\/div>\t\t\t\t\t\t\t\t\t\t\t<\/div>\r\n\t\t\t\t<\/div>\r\n\r\n\t\t\t\t\t\t<div style=\"clear: both;\"><\/div><\/div><div class=\"slideshow_view\">\r\n\t\t\t\t<div class=\"slideshow_slide slideshow_slide_image\">\r\n\t\t\t\t\t\t\t\t\t\t\t<img src=\"http:\/\/www.semanbaker.com.mx\/site\/wp-content\/uploads\/2015\/11\/CUBIERTA-TEXCOCO_MA.jpg\" alt=\"CUBIERTA TEXCOCO_MA\" width=\"1500\" height=\"1038\" \/>\r\n\t\t\t\t\t\t\t\t\t\t<div class=\"slideshow_description_box slideshow_transparent\">\r\n\t\t\t\t\t\t<div class=\"slideshow_title\">CUBIERTA TEXCOCO_MA<\/div>\t\t\t\t\t\t\t\t\t\t\t<\/div>\r\n\t\t\t\t<\/div>\r\n\r\n\t\t\t\t\t\t<div style=\"clear: both;\"><\/div><\/div><div class=\"slideshow_view\">\r\n\t\t\t\t<div class=\"slideshow_slide slideshow_slide_image\">\r\n\t\t\t\t\t\t\t\t\t\t\t<img src=\"http:\/\/www.semanbaker.com.mx\/site\/wp-content\/uploads\/2015\/11\/Bat\u2020n_MA.jpg\" alt=\"Bat\u2020n_MA\" width=\"1500\" height=\"1038\" \/>\r\n\t\t\t\t\t\t\t\t\t\t<div class=\"slideshow_description_box slideshow_transparent\">\r\n\t\t\t\t\t\t<div class=\"slideshow_title\">Bat\u2020n_MA<\/div>\t\t\t\t\t\t\t\t\t\t\t<\/div>\r\n\t\t\t\t<\/div>\r\n\r\n\t\t\t\t\t\t<div style=\"clear: both;\"><\/div><\/div><div class=\"slideshow_view\">\r\n\t\t\t\t<div class=\"slideshow_slide slideshow_slide_image\">\r\n\t\t\t\t\t\t\t\t\t\t\t<img src=\"http:\/\/www.semanbaker.com.mx\/site\/wp-content\/uploads\/2015\/11\/Bat\u2020n-Nocturna.jpg\" alt=\"Bat\u2020n Nocturna\" width=\"1500\" height=\"1038\" \/>\r\n\t\t\t\t\t\t\t\t\t\t<div class=\"slideshow_description_box slideshow_transparent\">\r\n\t\t\t\t\t\t<div class=\"slideshow_title\">Bat\u2020n Nocturna<\/div>\t\t\t\t\t\t\t\t\t\t\t<\/div>\r\n\t\t\t\t<\/div>\r\n\r\n\t\t\t\t\t\t<div style=\"clear: both;\"><\/div><\/div><div class=\"slideshow_view\">\r\n\t\t\t\t<div class=\"slideshow_slide slideshow_slide_image\">\r\n\t\t\t\t\t\t\t\t\t\t\t<img src=\"http:\/\/www.semanbaker.com.mx\/site\/wp-content\/uploads\/2015\/11\/Bat\u2020n-2_MA.jpg\" alt=\"Bat\u2020n 2_MA\" width=\"1500\" height=\"1038\" \/>\r\n\t\t\t\t\t\t\t\t\t\t<div class=\"slideshow_description_box slideshow_transparent\">\r\n\t\t\t\t\t\t<div class=\"slideshow_title\">Bat\u2020n 2_MA<\/div>\t\t\t\t\t\t\t\t\t\t\t<\/div>\r\n\t\t\t\t<\/div>\r\n\r\n\t\t\t\t\t\t<div style=\"clear: both;\"><\/div><\/div><div class=\"slideshow_view\">\r\n\t\t\t\t<div class=\"slideshow_slide slideshow_slide_image\">\r\n\t\t\t\t\t\t\t\t\t\t\t<img src=\"http:\/\/www.semanbaker.com.mx\/site\/wp-content\/uploads\/2015\/11\/aerea-oruga_MA.jpg\" alt=\"aerea oruga_MA\" width=\"1500\" height=\"1038\" \/>\r\n\t\t\t\t\t\t\t\t\t\t<div class=\"slideshow_description_box slideshow_transparent\">\r\n\t\t\t\t\t\t<div class=\"slideshow_title\">aerea oruga_MA<\/div>\t\t\t\t\t\t\t\t\t\t\t<\/div>\r\n\t\t\t\t<\/div>\r\n\r\n\t\t\t\t\t\t<div style=\"clear: both;\"><\/div><\/div>\r\n\t\t<\/div>\r\n\r\n\t\t<div class=\"slideshow_controlPanel slideshow_transparent\" style=\"display: none;\"><ul><li class=\"slideshow_togglePlay\" data-play-text=\"Play\" data-pause-text=\"Pause\"><\/li><\/ul><\/div>\r\n\r\n\t\t<div class=\"slideshow_button slideshow_previous slideshow_transparent\" role=\"button\" data-previous-text=\"Previous\" style=\"display: none;\"><\/div>\r\n\t\t<div class=\"slideshow_button slideshow_next slideshow_transparent\" role=\"button\" data-next-text=\"Next\" style=\"display: none;\"><\/div>\r\n\r\n\t\t<div class=\"slideshow_pagination\" style=\"display: none;\" data-go-to-text=\"Go to slide\"><div class=\"slideshow_pagination_center\"><\/div><\/div>\r\n\r\n\t\t<!-- WordPress Slideshow Version 2.3.1 -->\r\n\r\n\t\t\t<\/div>\r\n\r\n\n<p>&nbsp;<\/p>\n<p style=\"font-size: 10px;\">Im\u00e1genes propiedad de SEMAN BAKER. Derechos Reservados\u00a0\u00a9<\/p>\n","protected":false},"excerpt":{"rendered":"<p>Son membranas arquitect\u00f3nicas soportadas sobre materiales r\u00edgidos y su principal caracter\u00edstica es que pueden tener anchos de 20, 30, 40, 50, 60 metros y m\u00e1s, no tienen l\u00edmite en las longitudes. Pueden ser utilizados temporalmente o por tiempo indefinido, con costos m\u00ednimos de mantenimiento. &nbsp; &nbsp; Im\u00e1genes propiedad de SEMAN BAKER. Derechos Reservados\u00a0\u00a9<\/p>\n","protected":false},"author":1,"featured_media":0,"parent":6,"menu_order":2,"comment_status":"open","ping_status":"closed","template":"","meta":{"footnotes":""},"class_list":["post-10","page","type-page","status-publish","hentry"],"_links":{"self":[{"href":"http:\/\/www.semanbaker.com.mx\/site\/wp-json\/wp\/v2\/pages\/10","targetHints":{"allow":["GET"]}}],"collection":[{"href":"http:\/\/www.semanbaker.com.mx\/site\/wp-json\/wp\/v2\/pages"}],"about":[{"href":"http:\/\/www.semanbaker.com.mx\/site\/wp-json\/wp\/v2\/types\/page"}],"author":[{"embeddable":true,"href":"http:\/\/www.semanbaker.com.mx\/site\/wp-json\/wp\/v2\/users\/1"}],"replies":[{"embeddable":true,"href":"http:\/\/www.semanbaker.com.mx\/site\/wp-json\/wp\/v2\/comments?post=10"}],"version-history":[{"count":12,"href":"http:\/\/www.semanbaker.com.mx\/site\/wp-json\/wp\/v2\/pages\/10\/revisions"}],"predecessor-version":[{"id":1006,"href":"http:\/\/www.semanbaker.com.mx\/site\/wp-json\/wp\/v2\/pages\/10\/revisions\/1006"}],"up":[{"embeddable":true,"href":"http:\/\/www.semanbaker.com.mx\/site\/wp-json\/wp\/v2\/pages\/6"}],"wp:attachment":[{"href":"http:\/\/www.semanbaker.com.mx\/site\/wp-json\/wp\/v2\/media?parent=10"}],"curies":[{"name":"wp","href":"https:\/\/api.w.org\/{rel}","templated":true}]}}