{"id":1049,"date":"2019-01-25T02:07:01","date_gmt":"2019-01-25T02:07:01","guid":{"rendered":"http:\/\/www.semanbaker.com.mx\/site\/?page_id=1049"},"modified":"2019-01-25T02:07:02","modified_gmt":"2019-01-25T02:07:02","slug":"maquetas-arquitectonicas","status":"publish","type":"page","link":"http:\/\/www.semanbaker.com.mx\/site\/maquetas-arquitectonicas\/","title":{"rendered":"Maquetas Arquitect\u00f3nicas"},"content":{"rendered":"\n<p>Fabricaci\u00f3n de <strong>maquetas arquitect\u00f3nicas<\/strong> en materiales acr\u00edlicos, madera, textiles, pieles etc. <\/p>\n\n\n\n<p>Contamos con tecnolog\u00eda <strong>CNC<\/strong> de corte l\u00e1ser de equipos <strong>Sideco.<\/strong> <strong>Impresi\u00f3n 3d<\/strong> para realizar piezas espec\u00edficas y complejas.<\/p>\n\n\n\n<p>Un equipo capacitado de arquitectos, dise\u00f1adores industriales y dise\u00f1adores gr\u00e1ficos con amplia experiencia para entregar maquetas de alta calidad y detalle.<\/p>\n\n\n\n<ul class=\"wp-block-gallery columns-3 is-cropped wp-block-gallery-1 is-layout-flex wp-block-gallery-is-layout-flex\"><li class=\"blocks-gallery-item\"><figure><img loading=\"lazy\" decoding=\"async\" width=\"1024\" height=\"768\" src=\"http:\/\/www.semanbaker.com.mx\/site\/wp-content\/uploads\/2019\/01\/IMG_7265-1-1024x768.jpg\" alt=\"\" data-id=\"1050\" data-link=\"http:\/\/www.semanbaker.com.mx\/site\/?attachment_id=1050\" class=\"wp-image-1050\" srcset=\"http:\/\/www.semanbaker.com.mx\/site\/wp-content\/uploads\/2019\/01\/IMG_7265-1-1024x768.jpg 1024w, http:\/\/www.semanbaker.com.mx\/site\/wp-content\/uploads\/2019\/01\/IMG_7265-1-300x225.jpg 300w, http:\/\/www.semanbaker.com.mx\/site\/wp-content\/uploads\/2019\/01\/IMG_7265-1-768x576.jpg 768w\" sizes=\"auto, (max-width: 1024px) 100vw, 1024px\" \/><\/figure><\/li><li class=\"blocks-gallery-item\"><figure><img loading=\"lazy\" decoding=\"async\" width=\"1024\" height=\"1020\" src=\"http:\/\/www.semanbaker.com.mx\/site\/wp-content\/uploads\/2019\/01\/IMG_7274-1-1024x1020.jpg\" alt=\"\" data-id=\"1051\" data-link=\"http:\/\/www.semanbaker.com.mx\/site\/?attachment_id=1051\" class=\"wp-image-1051\" srcset=\"http:\/\/www.semanbaker.com.mx\/site\/wp-content\/uploads\/2019\/01\/IMG_7274-1-1024x1020.jpg 1024w, http:\/\/www.semanbaker.com.mx\/site\/wp-content\/uploads\/2019\/01\/IMG_7274-1-150x150.jpg 150w, http:\/\/www.semanbaker.com.mx\/site\/wp-content\/uploads\/2019\/01\/IMG_7274-1-300x300.jpg 300w, http:\/\/www.semanbaker.com.mx\/site\/wp-content\/uploads\/2019\/01\/IMG_7274-1-768x765.jpg 768w, http:\/\/www.semanbaker.com.mx\/site\/wp-content\/uploads\/2019\/01\/IMG_7274-1-240x240.jpg 240w, http:\/\/www.semanbaker.com.mx\/site\/wp-content\/uploads\/2019\/01\/IMG_7274-1-184x184.jpg 184w, http:\/\/www.semanbaker.com.mx\/site\/wp-content\/uploads\/2019\/01\/IMG_7274-1.jpg 1080w\" sizes=\"auto, (max-width: 1024px) 100vw, 1024px\" \/><\/figure><\/li><li class=\"blocks-gallery-item\"><figure><img loading=\"lazy\" decoding=\"async\" width=\"1024\" height=\"768\" src=\"http:\/\/www.semanbaker.com.mx\/site\/wp-content\/uploads\/2019\/01\/IMG_7275-1-1024x768.jpg\" alt=\"\" data-id=\"1052\" data-link=\"http:\/\/www.semanbaker.com.mx\/site\/?attachment_id=1052\" class=\"wp-image-1052\" srcset=\"http:\/\/www.semanbaker.com.mx\/site\/wp-content\/uploads\/2019\/01\/IMG_7275-1-1024x768.jpg 1024w, http:\/\/www.semanbaker.com.mx\/site\/wp-content\/uploads\/2019\/01\/IMG_7275-1-300x225.jpg 300w, http:\/\/www.semanbaker.com.mx\/site\/wp-content\/uploads\/2019\/01\/IMG_7275-1-768x576.jpg 768w\" sizes=\"auto, (max-width: 1024px) 100vw, 1024px\" \/><\/figure><\/li><li class=\"blocks-gallery-item\"><figure><img loading=\"lazy\" decoding=\"async\" width=\"1024\" height=\"768\" src=\"http:\/\/www.semanbaker.com.mx\/site\/wp-content\/uploads\/2019\/01\/IMG_7279-1-1024x768.jpg\" alt=\"\" data-id=\"1053\" data-link=\"http:\/\/www.semanbaker.com.mx\/site\/?attachment_id=1053\" class=\"wp-image-1053\" srcset=\"http:\/\/www.semanbaker.com.mx\/site\/wp-content\/uploads\/2019\/01\/IMG_7279-1-1024x768.jpg 1024w, http:\/\/www.semanbaker.com.mx\/site\/wp-content\/uploads\/2019\/01\/IMG_7279-1-300x225.jpg 300w, http:\/\/www.semanbaker.com.mx\/site\/wp-content\/uploads\/2019\/01\/IMG_7279-1-768x576.jpg 768w\" sizes=\"auto, (max-width: 1024px) 100vw, 1024px\" \/><\/figure><\/li><li class=\"blocks-gallery-item\"><figure><img loading=\"lazy\" decoding=\"async\" width=\"1024\" height=\"768\" src=\"http:\/\/www.semanbaker.com.mx\/site\/wp-content\/uploads\/2019\/01\/IMG_7282-1-1024x768.jpg\" alt=\"\" data-id=\"1054\" data-link=\"http:\/\/www.semanbaker.com.mx\/site\/?attachment_id=1054\" class=\"wp-image-1054\" srcset=\"http:\/\/www.semanbaker.com.mx\/site\/wp-content\/uploads\/2019\/01\/IMG_7282-1-1024x768.jpg 1024w, http:\/\/www.semanbaker.com.mx\/site\/wp-content\/uploads\/2019\/01\/IMG_7282-1-300x225.jpg 300w, http:\/\/www.semanbaker.com.mx\/site\/wp-content\/uploads\/2019\/01\/IMG_7282-1-768x576.jpg 768w\" sizes=\"auto, (max-width: 1024px) 100vw, 1024px\" \/><\/figure><\/li><li class=\"blocks-gallery-item\"><figure><img loading=\"lazy\" decoding=\"async\" width=\"481\" height=\"1024\" src=\"http:\/\/www.semanbaker.com.mx\/site\/wp-content\/uploads\/2019\/01\/IMG_7284-1-481x1024.jpg\" alt=\"\" data-id=\"1055\" data-link=\"http:\/\/www.semanbaker.com.mx\/site\/?attachment_id=1055\" class=\"wp-image-1055\" srcset=\"http:\/\/www.semanbaker.com.mx\/site\/wp-content\/uploads\/2019\/01\/IMG_7284-1-481x1024.jpg 481w, http:\/\/www.semanbaker.com.mx\/site\/wp-content\/uploads\/2019\/01\/IMG_7284-1-141x300.jpg 141w, http:\/\/www.semanbaker.com.mx\/site\/wp-content\/uploads\/2019\/01\/IMG_7284-1-768x1636.jpg 768w, http:\/\/www.semanbaker.com.mx\/site\/wp-content\/uploads\/2019\/01\/IMG_7284-1.jpg 1842w\" sizes=\"auto, (max-width: 481px) 100vw, 481px\" \/><\/figure><\/li><li class=\"blocks-gallery-item\"><figure><img loading=\"lazy\" decoding=\"async\" width=\"1024\" height=\"767\" src=\"http:\/\/www.semanbaker.com.mx\/site\/wp-content\/uploads\/2019\/01\/IMG_7286-1-1024x767.jpg\" alt=\"\" data-id=\"1056\" data-link=\"http:\/\/www.semanbaker.com.mx\/site\/?attachment_id=1056\" class=\"wp-image-1056\" srcset=\"http:\/\/www.semanbaker.com.mx\/site\/wp-content\/uploads\/2019\/01\/IMG_7286-1-1024x767.jpg 1024w, http:\/\/www.semanbaker.com.mx\/site\/wp-content\/uploads\/2019\/01\/IMG_7286-1-300x225.jpg 300w, http:\/\/www.semanbaker.com.mx\/site\/wp-content\/uploads\/2019\/01\/IMG_7286-1-768x575.jpg 768w, http:\/\/www.semanbaker.com.mx\/site\/wp-content\/uploads\/2019\/01\/IMG_7286-1.jpg 1080w\" sizes=\"auto, (max-width: 1024px) 100vw, 1024px\" \/><\/figure><\/li><\/ul>\n\n\n\n<h2 class=\"wp-block-heading\">Maquetas arquitect\u00f3nicas<\/h2>\n","protected":false},"excerpt":{"rendered":"<p>Fabricaci\u00f3n de maquetas arquitect\u00f3nicas en materiales acr\u00edlicos, madera, textiles, pieles etc. Contamos con tecnolog\u00eda CNC de corte l\u00e1ser de equipos Sideco. Impresi\u00f3n 3d para realizar piezas espec\u00edficas y complejas. Un equipo capacitado de arquitectos, dise\u00f1adores industriales y dise\u00f1adores gr\u00e1ficos con amplia experiencia para entregar maquetas de alta calidad y detalle. Maquetas arquitect\u00f3nicas<\/p>\n","protected":false},"author":1,"featured_media":1038,"parent":0,"menu_order":0,"comment_status":"closed","ping_status":"closed","template":"","meta":{"footnotes":""},"class_list":["post-1049","page","type-page","status-publish","has-post-thumbnail","hentry"],"_links":{"self":[{"href":"http:\/\/www.semanbaker.com.mx\/site\/wp-json\/wp\/v2\/pages\/1049","targetHints":{"allow":["GET"]}}],"collection":[{"href":"http:\/\/www.semanbaker.com.mx\/site\/wp-json\/wp\/v2\/pages"}],"about":[{"href":"http:\/\/www.semanbaker.com.mx\/site\/wp-json\/wp\/v2\/types\/page"}],"author":[{"embeddable":true,"href":"http:\/\/www.semanbaker.com.mx\/site\/wp-json\/wp\/v2\/users\/1"}],"replies":[{"embeddable":true,"href":"http:\/\/www.semanbaker.com.mx\/site\/wp-json\/wp\/v2\/comments?post=1049"}],"version-history":[{"count":1,"href":"http:\/\/www.semanbaker.com.mx\/site\/wp-json\/wp\/v2\/pages\/1049\/revisions"}],"predecessor-version":[{"id":1057,"href":"http:\/\/www.semanbaker.com.mx\/site\/wp-json\/wp\/v2\/pages\/1049\/revisions\/1057"}],"wp:featuredmedia":[{"embeddable":true,"href":"http:\/\/www.semanbaker.com.mx\/site\/wp-json\/wp\/v2\/media\/1038"}],"wp:attachment":[{"href":"http:\/\/www.semanbaker.com.mx\/site\/wp-json\/wp\/v2\/media?parent=1049"}],"curies":[{"name":"wp","href":"https:\/\/api.w.org\/{rel}","templated":true}]}}