{"id":1062,"date":"2019-08-26T15:54:38","date_gmt":"2019-08-26T15:54:38","guid":{"rendered":"http:\/\/www.semanbaker.com.mx\/site\/?page_id=1062"},"modified":"2019-08-26T15:54:39","modified_gmt":"2019-08-26T15:54:39","slug":"foro-de-grabacion-ciclorama","status":"publish","type":"page","link":"http:\/\/www.semanbaker.com.mx\/site\/foro-de-grabacion-ciclorama\/","title":{"rendered":"FORO DE GRABACI\u00d3N CICLORAMA"},"content":{"rendered":"\n<p>Contamos con un foro de grabaci\u00f3n con muros de ciclorama de 12.5 x 6.10 x  5.10 de altura, con \u00e1rea para catering, camerinos, make up, sanitarios, poleas de carga, corriente 110 y 220v. Estacionamiento y pensi\u00f3n cercana.<\/p>\n\n\n\n<p>Como servicios adicionales contamos con generador de energ\u00eda, catering, audio e iluminaci\u00f3n y video memoria (Making of)<\/p>\n\n\n\n<figure class=\"wp-block-embed-youtube wp-block-embed is-type-video is-provider-youtube wp-embed-aspect-16-9 wp-has-aspect-ratio\"><div class=\"wp-block-embed__wrapper\">\n<iframe loading=\"lazy\" title=\"NUK - Peligro (Video oficial HD)\" width=\"500\" height=\"281\" src=\"https:\/\/www.youtube.com\/embed\/bz-vIps1arI?feature=oembed\" frameborder=\"0\" allow=\"accelerometer; autoplay; clipboard-write; encrypted-media; gyroscope; picture-in-picture; web-share\" referrerpolicy=\"strict-origin-when-cross-origin\" allowfullscreen><\/iframe>\n<\/div><figcaption>Foro Seman Baker. Nuk Peligro by Enrique Maroto<\/figcaption><\/figure>\n\n\n\n<figure class=\"wp-block-embed-youtube wp-block-embed is-type-video is-provider-youtube wp-embed-aspect-16-9 wp-has-aspect-ratio\"><div class=\"wp-block-embed__wrapper\">\n<iframe loading=\"lazy\" title=\"NUK -  PELIGRO MAKING OFF\" width=\"500\" height=\"281\" src=\"https:\/\/www.youtube.com\/embed\/LyLsKy6tnyA?feature=oembed\" frameborder=\"0\" allow=\"accelerometer; autoplay; clipboard-write; encrypted-media; gyroscope; picture-in-picture; web-share\" referrerpolicy=\"strict-origin-when-cross-origin\" allowfullscreen><\/iframe>\n<\/div><\/figure>\n","protected":false},"excerpt":{"rendered":"<p>Contamos con un foro de grabaci\u00f3n con muros de ciclorama de 12.5 x 6.10 x 5.10 de altura, con \u00e1rea para catering, camerinos, make up, sanitarios, poleas de carga, corriente 110 y 220v. Estacionamiento y pensi\u00f3n cercana. Como servicios adicionales contamos con generador de energ\u00eda, catering, audio e iluminaci\u00f3n y video memoria (Making of)<\/p>\n","protected":false},"author":1,"featured_media":0,"parent":0,"menu_order":0,"comment_status":"closed","ping_status":"closed","template":"","meta":{"footnotes":""},"class_list":["post-1062","page","type-page","status-publish","hentry"],"_links":{"self":[{"href":"http:\/\/www.semanbaker.com.mx\/site\/wp-json\/wp\/v2\/pages\/1062","targetHints":{"allow":["GET"]}}],"collection":[{"href":"http:\/\/www.semanbaker.com.mx\/site\/wp-json\/wp\/v2\/pages"}],"about":[{"href":"http:\/\/www.semanbaker.com.mx\/site\/wp-json\/wp\/v2\/types\/page"}],"author":[{"embeddable":true,"href":"http:\/\/www.semanbaker.com.mx\/site\/wp-json\/wp\/v2\/users\/1"}],"replies":[{"embeddable":true,"href":"http:\/\/www.semanbaker.com.mx\/site\/wp-json\/wp\/v2\/comments?post=1062"}],"version-history":[{"count":1,"href":"http:\/\/www.semanbaker.com.mx\/site\/wp-json\/wp\/v2\/pages\/1062\/revisions"}],"predecessor-version":[{"id":1063,"href":"http:\/\/www.semanbaker.com.mx\/site\/wp-json\/wp\/v2\/pages\/1062\/revisions\/1063"}],"wp:attachment":[{"href":"http:\/\/www.semanbaker.com.mx\/site\/wp-json\/wp\/v2\/media?parent=1062"}],"curies":[{"name":"wp","href":"https:\/\/api.w.org\/{rel}","templated":true}]}}