{"id":9,"date":"2013-06-19T02:56:12","date_gmt":"2013-06-19T02:56:12","guid":{"rendered":"http:\/\/www.semanbaker.com.mx\/site\/?page_id=9"},"modified":"2015-11-24T22:31:16","modified_gmt":"2015-11-24T22:31:16","slug":"velarias","status":"publish","type":"page","link":"http:\/\/www.semanbaker.com.mx\/site\/productos\/velarias\/","title":{"rendered":"Velarias &#038; Toldos"},"content":{"rendered":"<p>Sistema de cubiertas sumamente eficiente, en raz\u00f3n de optimizaci\u00f3n, resistencia y duraci\u00f3n de los materiales textiles y recubrimientos pl\u00e1sticos. Est\u00e1n regidas por la tensi\u00f3n en los bordes, es por ello que se conocen tambi\u00e9n como tenso-estructuras.<\/p>\n<p>Las velarias pueden integrarse en cualquier tipo de construcci\u00f3n realzando su vistosidad e integr\u00e1ndose f\u00e1cilmente al entorno.<\/p>\n<p>&nbsp;<\/p>\n\r\n\t<div class=\"slideshow_container slideshow_container_style-light\" style=\" \" data-slideshow-id=\"459\" data-style-name=\"style-light\" data-style-version=\"2.3.1\" >\r\n\r\n\t\t\t\t\t<div class=\"slideshow_loading_icon\"><\/div>\r\n\t\t\r\n\t\t<div class=\"slideshow_content\" style=\"display: none;\">\r\n\r\n\t\t\t<div class=\"slideshow_view\">\r\n\t\t\t\t<div class=\"slideshow_slide slideshow_slide_image\">\r\n\t\t\t\t\t\t\t\t\t\t\t<img src=\"http:\/\/www.semanbaker.com.mx\/site\/wp-content\/uploads\/2015\/11\/Velaria-Residencial.jpg\" alt=\"Velaria Residencial\" width=\"1500\" height=\"1038\" \/>\r\n\t\t\t\t\t\t\t\t\t\t<div class=\"slideshow_description_box slideshow_transparent\">\r\n\t\t\t\t\t\t<div class=\"slideshow_title\">Velaria Residencial<\/div>\t\t\t\t\t\t\t\t\t\t\t<\/div>\r\n\t\t\t\t<\/div>\r\n\r\n\t\t\t\t\t\t<div style=\"clear: both;\"><\/div><\/div><div class=\"slideshow_view\">\r\n\t\t\t\t<div class=\"slideshow_slide slideshow_slide_image\">\r\n\t\t\t\t\t\t\t\t\t\t\t<img src=\"http:\/\/www.semanbaker.com.mx\/site\/wp-content\/uploads\/2015\/11\/velaria-Automotores.jpg\" alt=\"velaria Automotores\" width=\"1500\" height=\"1038\" \/>\r\n\t\t\t\t\t\t\t\t\t\t<div class=\"slideshow_description_box slideshow_transparent\">\r\n\t\t\t\t\t\t<div class=\"slideshow_title\">velaria Automotores<\/div>\t\t\t\t\t\t\t\t\t\t\t<\/div>\r\n\t\t\t\t<\/div>\r\n\r\n\t\t\t\t\t\t<div style=\"clear: both;\"><\/div><\/div><div class=\"slideshow_view\">\r\n\t\t\t\t<div class=\"slideshow_slide slideshow_slide_image\">\r\n\t\t\t\t\t\t\t\t\t\t\t<img src=\"http:\/\/www.semanbaker.com.mx\/site\/wp-content\/uploads\/2015\/11\/Terraza-Acapulco-2_MA.jpg\" alt=\"Terraza-Acapulco-(2)_MA\" width=\"1500\" height=\"1038\" \/>\r\n\t\t\t\t\t\t\t\t\t\t<div class=\"slideshow_description_box slideshow_transparent\">\r\n\t\t\t\t\t\t<div class=\"slideshow_title\">Terraza-Acapulco-(2)_MA<\/div>\t\t\t\t\t\t\t\t\t\t\t<\/div>\r\n\t\t\t\t<\/div>\r\n\r\n\t\t\t\t\t\t<div style=\"clear: both;\"><\/div><\/div><div class=\"slideshow_view\">\r\n\t\t\t\t<div class=\"slideshow_slide slideshow_slide_image\">\r\n\t\t\t\t\t\t\t\t\t\t\t<img src=\"http:\/\/www.semanbaker.com.mx\/site\/wp-content\/uploads\/2015\/11\/Terraza-Acapulco_MA.jpg\" alt=\"Terraza-Acapulco_MA\" width=\"1500\" height=\"1038\" \/>\r\n\t\t\t\t\t\t\t\t\t\t<div class=\"slideshow_description_box slideshow_transparent\">\r\n\t\t\t\t\t\t<div class=\"slideshow_title\">Terraza-Acapulco_MA<\/div>\t\t\t\t\t\t\t\t\t\t\t<\/div>\r\n\t\t\t\t<\/div>\r\n\r\n\t\t\t\t\t\t<div style=\"clear: both;\"><\/div><\/div><div class=\"slideshow_view\">\r\n\t\t\t\t<div class=\"slideshow_slide slideshow_slide_image\">\r\n\t\t\t\t\t\t\t\t\t\t\t<img src=\"http:\/\/www.semanbaker.com.mx\/site\/wp-content\/uploads\/2015\/11\/SB_OLIMPIA_4_MA.jpg\" alt=\"SB_OLIMPIA_4_MA\" width=\"1500\" height=\"1038\" \/>\r\n\t\t\t\t\t\t\t\t\t\t<div class=\"slideshow_description_box slideshow_transparent\">\r\n\t\t\t\t\t\t<div class=\"slideshow_title\">SB_OLIMPIA_4_MA<\/div>\t\t\t\t\t\t\t\t\t\t\t<\/div>\r\n\t\t\t\t<\/div>\r\n\r\n\t\t\t\t\t\t<div style=\"clear: both;\"><\/div><\/div><div class=\"slideshow_view\">\r\n\t\t\t\t<div class=\"slideshow_slide slideshow_slide_image\">\r\n\t\t\t\t\t\t\t\t\t\t\t<img src=\"http:\/\/www.semanbaker.com.mx\/site\/wp-content\/uploads\/2015\/11\/SB_OLIMPIA_3_MA.jpg\" alt=\"SB_OLIMPIA_3_MA\" width=\"1500\" height=\"1038\" \/>\r\n\t\t\t\t\t\t\t\t\t\t<div class=\"slideshow_description_box slideshow_transparent\">\r\n\t\t\t\t\t\t<div class=\"slideshow_title\">SB_OLIMPIA_3_MA<\/div>\t\t\t\t\t\t\t\t\t\t\t<\/div>\r\n\t\t\t\t<\/div>\r\n\r\n\t\t\t\t\t\t<div style=\"clear: both;\"><\/div><\/div><div class=\"slideshow_view\">\r\n\t\t\t\t<div class=\"slideshow_slide slideshow_slide_image\">\r\n\t\t\t\t\t\t\t\t\t\t\t<img src=\"http:\/\/www.semanbaker.com.mx\/site\/wp-content\/uploads\/2015\/11\/Salvatierra-Guanajuato_MA.jpg\" alt=\"Salvatierra-Guanajuato_MA\" width=\"1500\" height=\"1038\" \/>\r\n\t\t\t\t\t\t\t\t\t\t<div class=\"slideshow_description_box slideshow_transparent\">\r\n\t\t\t\t\t\t<div class=\"slideshow_title\">Salvatierra-Guanajuato_MA<\/div>\t\t\t\t\t\t\t\t\t\t\t<\/div>\r\n\t\t\t\t<\/div>\r\n\r\n\t\t\t\t\t\t<div style=\"clear: both;\"><\/div><\/div><div class=\"slideshow_view\">\r\n\t\t\t\t<div class=\"slideshow_slide slideshow_slide_image\">\r\n\t\t\t\t\t\t\t\t\t\t\t<img src=\"http:\/\/www.semanbaker.com.mx\/site\/wp-content\/uploads\/2015\/11\/RALLY-LEON-NOCTURNA_OK.jpg\" alt=\"RALLY LEON NOCTURNA_OK\"   \/>\r\n\t\t\t\t\t\t\t\t\t\t<div class=\"slideshow_description_box slideshow_transparent\">\r\n\t\t\t\t\t\t<div class=\"slideshow_title\">RALLY LEON NOCTURNA_OK<\/div>\t\t\t\t\t\t\t\t\t\t\t<\/div>\r\n\t\t\t\t<\/div>\r\n\r\n\t\t\t\t\t\t<div style=\"clear: both;\"><\/div><\/div><div class=\"slideshow_view\">\r\n\t\t\t\t<div class=\"slideshow_slide slideshow_slide_image\">\r\n\t\t\t\t\t\t\t\t\t\t\t<img src=\"http:\/\/www.semanbaker.com.mx\/site\/wp-content\/uploads\/2015\/11\/PUEBLA-2004-1_MA.jpg\" alt=\"PUEBLA-2004-1_MA\" width=\"1500\" height=\"1038\" \/>\r\n\t\t\t\t\t\t\t\t\t\t<div class=\"slideshow_description_box slideshow_transparent\">\r\n\t\t\t\t\t\t<div class=\"slideshow_title\">PUEBLA-2004-1_MA<\/div>\t\t\t\t\t\t\t\t\t\t\t<\/div>\r\n\t\t\t\t<\/div>\r\n\r\n\t\t\t\t\t\t<div style=\"clear: both;\"><\/div><\/div><div class=\"slideshow_view\">\r\n\t\t\t\t<div class=\"slideshow_slide slideshow_slide_image\">\r\n\t\t\t\t\t\t\t\t\t\t\t<img src=\"http:\/\/www.semanbaker.com.mx\/site\/wp-content\/uploads\/2015\/11\/PUEBLA-2004_MA.jpg\" alt=\"PUEBLA-2004_MA\" width=\"1345\" height=\"1037\" \/>\r\n\t\t\t\t\t\t\t\t\t\t<div class=\"slideshow_description_box slideshow_transparent\">\r\n\t\t\t\t\t\t<div class=\"slideshow_title\">PUEBLA-2004_MA<\/div>\t\t\t\t\t\t\t\t\t\t\t<\/div>\r\n\t\t\t\t<\/div>\r\n\r\n\t\t\t\t\t\t<div style=\"clear: both;\"><\/div><\/div><div class=\"slideshow_view\">\r\n\t\t\t\t<div class=\"slideshow_slide slideshow_slide_image\">\r\n\t\t\t\t\t\t\t\t\t\t\t<img src=\"http:\/\/www.semanbaker.com.mx\/site\/wp-content\/uploads\/2015\/11\/PARADERO-MAZATLAN.jpg\" alt=\"PARADERO MAZATLAN\" width=\"1500\" height=\"1038\" \/>\r\n\t\t\t\t\t\t\t\t\t\t<div class=\"slideshow_description_box slideshow_transparent\">\r\n\t\t\t\t\t\t<div class=\"slideshow_title\">PARADERO MAZATLAN<\/div>\t\t\t\t\t\t\t\t\t\t\t<\/div>\r\n\t\t\t\t<\/div>\r\n\r\n\t\t\t\t\t\t<div style=\"clear: both;\"><\/div><\/div><div class=\"slideshow_view\">\r\n\t\t\t\t<div class=\"slideshow_slide slideshow_slide_image\">\r\n\t\t\t\t\t\t\t\t\t\t\t<img src=\"http:\/\/www.semanbaker.com.mx\/site\/wp-content\/uploads\/2015\/11\/Nuevo-Vallarta_MA.jpg\" alt=\"Nuevo Vallarta_MA\" width=\"1500\" height=\"1038\" \/>\r\n\t\t\t\t\t\t\t\t\t\t<div class=\"slideshow_description_box slideshow_transparent\">\r\n\t\t\t\t\t\t<div class=\"slideshow_title\">Nuevo Vallarta_MA<\/div>\t\t\t\t\t\t\t\t\t\t\t<\/div>\r\n\t\t\t\t<\/div>\r\n\r\n\t\t\t\t\t\t<div style=\"clear: both;\"><\/div><\/div><div class=\"slideshow_view\">\r\n\t\t\t\t<div class=\"slideshow_slide slideshow_slide_image\">\r\n\t\t\t\t\t\t\t\t\t\t\t<img src=\"http:\/\/www.semanbaker.com.mx\/site\/wp-content\/uploads\/2015\/11\/Museo-Interactivo-Papagayo_Tabasco_MA.jpg\" alt=\"Museo Interactivo Papagayo_Tabasco_MA\" width=\"1500\" height=\"1038\" \/>\r\n\t\t\t\t\t\t\t\t\t\t<div class=\"slideshow_description_box slideshow_transparent\">\r\n\t\t\t\t\t\t<div class=\"slideshow_title\">Museo Interactivo Papagayo_Tabasco_MA<\/div>\t\t\t\t\t\t\t\t\t\t\t<\/div>\r\n\t\t\t\t<\/div>\r\n\r\n\t\t\t\t\t\t<div style=\"clear: both;\"><\/div><\/div><div class=\"slideshow_view\">\r\n\t\t\t\t<div class=\"slideshow_slide slideshow_slide_image\">\r\n\t\t\t\t\t\t\t\t\t\t\t<img src=\"http:\/\/www.semanbaker.com.mx\/site\/wp-content\/uploads\/2015\/11\/Interior-velaria-Olimpia.jpg\" alt=\"Interior velaria Olimpia\" width=\"1500\" height=\"1038\" \/>\r\n\t\t\t\t\t\t\t\t\t\t<div class=\"slideshow_description_box slideshow_transparent\">\r\n\t\t\t\t\t\t<div class=\"slideshow_title\">Interior velaria Olimpia<\/div>\t\t\t\t\t\t\t\t\t\t\t<\/div>\r\n\t\t\t\t<\/div>\r\n\r\n\t\t\t\t\t\t<div style=\"clear: both;\"><\/div><\/div><div class=\"slideshow_view\">\r\n\t\t\t\t<div class=\"slideshow_slide slideshow_slide_image\">\r\n\t\t\t\t\t\t\t\t\t\t\t<img src=\"http:\/\/www.semanbaker.com.mx\/site\/wp-content\/uploads\/2015\/11\/Entrada-Expo-Comer_MA.jpg\" alt=\"Entrada-Expo-Comer_MA\" width=\"1500\" height=\"1038\" \/>\r\n\t\t\t\t\t\t\t\t\t\t<div class=\"slideshow_description_box slideshow_transparent\">\r\n\t\t\t\t\t\t<div class=\"slideshow_title\">Entrada-Expo-Comer_MA<\/div>\t\t\t\t\t\t\t\t\t\t\t<\/div>\r\n\t\t\t\t<\/div>\r\n\r\n\t\t\t\t\t\t<div style=\"clear: both;\"><\/div><\/div><div class=\"slideshow_view\">\r\n\t\t\t\t<div class=\"slideshow_slide slideshow_slide_image\">\r\n\t\t\t\t\t\t\t\t\t\t\t<img src=\"http:\/\/www.semanbaker.com.mx\/site\/wp-content\/uploads\/2015\/11\/Boda-en-Cozumel_MA.jpg\" alt=\"Boda en Cozumel_MA\" width=\"1500\" height=\"1038\" \/>\r\n\t\t\t\t\t\t\t\t\t\t<div class=\"slideshow_description_box slideshow_transparent\">\r\n\t\t\t\t\t\t<div class=\"slideshow_title\">Boda en Cozumel_MA<\/div>\t\t\t\t\t\t\t\t\t\t\t<\/div>\r\n\t\t\t\t<\/div>\r\n\r\n\t\t\t\t\t\t<div style=\"clear: both;\"><\/div><\/div><div class=\"slideshow_view\">\r\n\t\t\t\t<div class=\"slideshow_slide slideshow_slide_image\">\r\n\t\t\t\t\t\t\t\t\t\t\t<img src=\"http:\/\/www.semanbaker.com.mx\/site\/wp-content\/uploads\/2015\/10\/Zona-de-exhibici\u00f3n-Rally-Mundial-Le\u00f3n-GTO_MA.jpg\" alt=\"Zona-de-exhibici\u00f3n-Rally-Mundial-Le\u00f3n-GTO_MA\" width=\"1500\" height=\"1038\" \/>\r\n\t\t\t\t\t\t\t\t\t\t<div class=\"slideshow_description_box slideshow_transparent\">\r\n\t\t\t\t\t\t<div class=\"slideshow_title\">Zona-de-exhibici\u00f3n-Rally-Mundial-Le\u00f3n-GTO_MA<\/div>\t\t\t\t\t\t\t\t\t\t\t<\/div>\r\n\t\t\t\t<\/div>\r\n\r\n\t\t\t\t\t\t<div style=\"clear: both;\"><\/div><\/div><div class=\"slideshow_view\">\r\n\t\t\t\t<div class=\"slideshow_slide slideshow_slide_image\">\r\n\t\t\t\t\t\t\t\t\t\t\t<img src=\"http:\/\/www.semanbaker.com.mx\/site\/wp-content\/uploads\/2015\/10\/SB_VELARIA-YEGUA_5_MA.jpg\" alt=\"SB_VELARIA YEGUA_5_MA\" width=\"1500\" height=\"1038\" \/>\r\n\t\t\t\t\t\t\t\t\t\t<div class=\"slideshow_description_box slideshow_transparent\">\r\n\t\t\t\t\t\t<div class=\"slideshow_title\">SB_VELARIA YEGUA_5_MA<\/div>\t\t\t\t\t\t\t\t\t\t\t<\/div>\r\n\t\t\t\t<\/div>\r\n\r\n\t\t\t\t\t\t<div style=\"clear: both;\"><\/div><\/div><div class=\"slideshow_view\">\r\n\t\t\t\t<div class=\"slideshow_slide slideshow_slide_image\">\r\n\t\t\t\t\t\t\t\t\t\t\t<img src=\"http:\/\/www.semanbaker.com.mx\/site\/wp-content\/uploads\/2015\/10\/SB_MEXTENIS_MA.jpg\" alt=\"SB_MEXTENIS_MA\" width=\"1500\" height=\"1038\" \/>\r\n\t\t\t\t\t\t\t\t\t\t<div class=\"slideshow_description_box slideshow_transparent\">\r\n\t\t\t\t\t\t<div class=\"slideshow_title\">SB_MEXTENIS_MA<\/div>\t\t\t\t\t\t\t\t\t\t\t<\/div>\r\n\t\t\t\t<\/div>\r\n\r\n\t\t\t\t\t\t<div style=\"clear: both;\"><\/div><\/div><div class=\"slideshow_view\">\r\n\t\t\t\t<div class=\"slideshow_slide slideshow_slide_image\">\r\n\t\t\t\t\t\t\t\t\t\t\t<img src=\"http:\/\/www.semanbaker.com.mx\/site\/wp-content\/uploads\/2015\/10\/SB_ESTRELLA_2_MA.jpg\" alt=\"SB_ESTRELLA_2_MA\" width=\"1500\" height=\"1038\" \/>\r\n\t\t\t\t\t\t\t\t\t\t<div class=\"slideshow_description_box slideshow_transparent\">\r\n\t\t\t\t\t\t<div class=\"slideshow_title\">SB_ESTRELLA_2_MA<\/div>\t\t\t\t\t\t\t\t\t\t\t<\/div>\r\n\t\t\t\t<\/div>\r\n\r\n\t\t\t\t\t\t<div style=\"clear: both;\"><\/div><\/div><div class=\"slideshow_view\">\r\n\t\t\t\t<div class=\"slideshow_slide slideshow_slide_image\">\r\n\t\t\t\t\t\t\t\t\t\t\t<img src=\"http:\/\/www.semanbaker.com.mx\/site\/wp-content\/uploads\/2015\/10\/SB_ALABEADAS_3_MA.jpg\" alt=\"SB_ALABEADAS_3_MA\" width=\"1500\" height=\"1038\" \/>\r\n\t\t\t\t\t\t\t\t\t\t<div class=\"slideshow_description_box slideshow_transparent\">\r\n\t\t\t\t\t\t<div class=\"slideshow_title\">SB_ALABEADAS_3_MA<\/div>\t\t\t\t\t\t\t\t\t\t\t<\/div>\r\n\t\t\t\t<\/div>\r\n\r\n\t\t\t\t\t\t<div style=\"clear: both;\"><\/div><\/div><div class=\"slideshow_view\">\r\n\t\t\t\t<div class=\"slideshow_slide slideshow_slide_image\">\r\n\t\t\t\t\t\t\t\t\t\t\t<img src=\"http:\/\/www.semanbaker.com.mx\/site\/wp-content\/uploads\/2015\/10\/SB_ALABEADAS_1_MA.jpg\" alt=\"SB_ALABEADAS_1_MA\" width=\"1500\" height=\"1038\" \/>\r\n\t\t\t\t\t\t\t\t\t\t<div class=\"slideshow_description_box slideshow_transparent\">\r\n\t\t\t\t\t\t<div class=\"slideshow_title\">SB_ALABEADAS_1_MA<\/div>\t\t\t\t\t\t\t\t\t\t\t<\/div>\r\n\t\t\t\t<\/div>\r\n\r\n\t\t\t\t\t\t<div style=\"clear: both;\"><\/div><\/div><div class=\"slideshow_view\">\r\n\t\t\t\t<div class=\"slideshow_slide slideshow_slide_image\">\r\n\t\t\t\t\t\t\t\t\t\t\t<img src=\"http:\/\/www.semanbaker.com.mx\/site\/wp-content\/uploads\/2015\/10\/Boda-en-Cozumel-1_MA.jpg\" alt=\"Boda-en-Cozumel-1_MA\" width=\"1500\" height=\"1038\" \/>\r\n\t\t\t\t\t\t\t\t\t\t<div class=\"slideshow_description_box slideshow_transparent\">\r\n\t\t\t\t\t\t<div class=\"slideshow_title\">Boda-en-Cozumel-1_MA<\/div>\t\t\t\t\t\t\t\t\t\t\t<\/div>\r\n\t\t\t\t<\/div>\r\n\r\n\t\t\t\t\t\t<div style=\"clear: both;\"><\/div><\/div>\r\n\t\t<\/div>\r\n\r\n\t\t<div class=\"slideshow_controlPanel slideshow_transparent\" style=\"display: none;\"><ul><li class=\"slideshow_togglePlay\" data-play-text=\"Play\" data-pause-text=\"Pause\"><\/li><\/ul><\/div>\r\n\r\n\t\t<div class=\"slideshow_button slideshow_previous slideshow_transparent\" role=\"button\" data-previous-text=\"Previous\" style=\"display: none;\"><\/div>\r\n\t\t<div class=\"slideshow_button slideshow_next slideshow_transparent\" role=\"button\" data-next-text=\"Next\" style=\"display: none;\"><\/div>\r\n\r\n\t\t<div class=\"slideshow_pagination\" style=\"display: none;\" data-go-to-text=\"Go to slide\"><div class=\"slideshow_pagination_center\"><\/div><\/div>\r\n\r\n\t\t<!-- WordPress Slideshow Version 2.3.1 -->\r\n\r\n\t\t\t<\/div>\r\n\r\n\n<p>&nbsp;<\/p>\n<p style=\"font-size: 10px;\">Im\u00e1genes propiedad de SEMAN BAKER. Derechos Reservados\u00a0\u00a9<\/p>\n","protected":false},"excerpt":{"rendered":"<p>Sistema de cubiertas sumamente eficiente, en raz\u00f3n de optimizaci\u00f3n, resistencia y duraci\u00f3n de los materiales textiles y recubrimientos pl\u00e1sticos. Est\u00e1n regidas por la tensi\u00f3n en los bordes, es por ello que se conocen tambi\u00e9n como tenso-estructuras. Las velarias pueden integrarse en cualquier tipo de construcci\u00f3n realzando su vistosidad e integr\u00e1ndose f\u00e1cilmente al entorno. &nbsp; &nbsp; [&hellip;]<\/p>\n","protected":false},"author":1,"featured_media":0,"parent":6,"menu_order":3,"comment_status":"open","ping_status":"closed","template":"","meta":{"footnotes":""},"class_list":["post-9","page","type-page","status-publish","hentry"],"_links":{"self":[{"href":"http:\/\/www.semanbaker.com.mx\/site\/wp-json\/wp\/v2\/pages\/9","targetHints":{"allow":["GET"]}}],"collection":[{"href":"http:\/\/www.semanbaker.com.mx\/site\/wp-json\/wp\/v2\/pages"}],"about":[{"href":"http:\/\/www.semanbaker.com.mx\/site\/wp-json\/wp\/v2\/types\/page"}],"author":[{"embeddable":true,"href":"http:\/\/www.semanbaker.com.mx\/site\/wp-json\/wp\/v2\/users\/1"}],"replies":[{"embeddable":true,"href":"http:\/\/www.semanbaker.com.mx\/site\/wp-json\/wp\/v2\/comments?post=9"}],"version-history":[{"count":12,"href":"http:\/\/www.semanbaker.com.mx\/site\/wp-json\/wp\/v2\/pages\/9\/revisions"}],"predecessor-version":[{"id":1007,"href":"http:\/\/www.semanbaker.com.mx\/site\/wp-json\/wp\/v2\/pages\/9\/revisions\/1007"}],"up":[{"embeddable":true,"href":"http:\/\/www.semanbaker.com.mx\/site\/wp-json\/wp\/v2\/pages\/6"}],"wp:attachment":[{"href":"http:\/\/www.semanbaker.com.mx\/site\/wp-json\/wp\/v2\/media?parent=9"}],"curies":[{"name":"wp","href":"https:\/\/api.w.org\/{rel}","templated":true}]}}